{"id":6954,"date":"2024-05-08T09:59:36","date_gmt":"2024-05-08T08:59:36","guid":{"rendered":"https:\/\/berg-lund.a77-development.de\/management\/"},"modified":"2025-02-03T16:16:28","modified_gmt":"2025-02-03T15:16:28","slug":"management","status":"publish","type":"page","link":"https:\/\/berg-lund.de\/en\/management\/","title":{"rendered":"Management"},"content":{"rendered":"\t\t<div data-elementor-type=\"wp-page\" data-elementor-id=\"6954\" class=\"elementor elementor-6954 elementor-202\" data-elementor-post-type=\"page\">\n\t\t\t\t<div class=\"elementor-element elementor-element-28f63d1 e-con-full img-size-wrapper e-flex e-con e-parent\" data-id=\"28f63d1\" data-element_type=\"container\">\n\t\t\t\t<div class=\"elementor-element elementor-element-0716602 elementor-widget elementor-widget-heading\" data-id=\"0716602\" data-element_type=\"widget\" data-widget_type=\"heading.default\">\n\t\t\t\t<div class=\"elementor-widget-container\">\n\t\t\t\t\t<h2 class=\"elementor-heading-title elementor-size-default\">EQUITY PARTNER<\/h2>\t\t\t\t<\/div>\n\t\t\t\t<\/div>\n\t\t<div class=\"elementor-element elementor-element-69b1d86 e-con-full e-flex e-con e-child\" data-id=\"69b1d86\" data-element_type=\"container\">\n\t\t<div class=\"elementor-element elementor-element-bddc9b4 e-con-full e-flex e-con e-child\" data-id=\"bddc9b4\" data-element_type=\"container\">\n\t\t<a class=\"elementor-element elementor-element-9f36d2d e-con-full e-flex e-con e-child\" data-id=\"9f36d2d\" data-element_type=\"container\" href=\"https:\/\/berg-lund.de\/fuehrungsteam\/markus-berg\/\">\n\t\t\t\t<div class=\"elementor-element elementor-element-3479f4e img-opacity elementor-position-top elementor-widget elementor-widget-image-box\" data-id=\"3479f4e\" data-element_type=\"widget\" data-widget_type=\"image-box.default\">\n\t\t\t\t<div class=\"elementor-widget-container\">\n\t\t\t\t\t<div class=\"elementor-image-box-wrapper\"><figure class=\"elementor-image-box-img\"><img fetchpriority=\"high\" decoding=\"async\" width=\"1000\" height=\"700\" src=\"https:\/\/berg-lund.de\/wp-content\/uploads\/2024\/12\/Berg_Business_Thumb.jpg\" class=\"attachment-full size-full wp-image-8140\" alt=\"\" srcset=\"https:\/\/berg-lund.de\/wp-content\/uploads\/2024\/12\/Berg_Business_Thumb.jpg 1000w, https:\/\/berg-lund.de\/wp-content\/uploads\/2024\/12\/Berg_Business_Thumb-300x210.jpg 300w, https:\/\/berg-lund.de\/wp-content\/uploads\/2024\/12\/Berg_Business_Thumb-768x538.jpg 768w\" sizes=\"(max-width: 1000px) 100vw, 1000px\" \/><\/figure><div class=\"elementor-image-box-content\"><h3 class=\"elementor-image-box-title\">Markus Berg<\/h3><\/div><\/div>\t\t\t\t<\/div>\n\t\t\t\t<\/div>\n\t\t\t\t<\/a>\n\t\t\t\t<\/div>\n\t\t<div class=\"elementor-element elementor-element-176d652 e-con-full e-flex e-con e-child\" data-id=\"176d652\" data-element_type=\"container\">\n\t\t<a class=\"elementor-element elementor-element-c907d4c e-con-full e-flex e-con e-child\" data-id=\"c907d4c\" data-element_type=\"container\" href=\"https:\/\/berg-lund.de\/fuehrungsteam\/dr-martin-bernhardt\/\">\n\t\t\t\t<div class=\"elementor-element elementor-element-73448ba img-opacity elementor-position-top elementor-widget elementor-widget-image-box\" data-id=\"73448ba\" data-element_type=\"widget\" data-widget_type=\"image-box.default\">\n\t\t\t\t<div class=\"elementor-widget-container\">\n\t\t\t\t\t<div class=\"elementor-image-box-wrapper\"><figure class=\"elementor-image-box-img\"><img decoding=\"async\" width=\"1000\" height=\"700\" src=\"https:\/\/berg-lund.de\/wp-content\/uploads\/2025\/01\/Martin_Bernhardt_Business_Thumb.jpg\" class=\"attachment-full size-full wp-image-8993\" alt=\"\" srcset=\"https:\/\/berg-lund.de\/wp-content\/uploads\/2025\/01\/Martin_Bernhardt_Business_Thumb.jpg 1000w, https:\/\/berg-lund.de\/wp-content\/uploads\/2025\/01\/Martin_Bernhardt_Business_Thumb-300x210.jpg 300w, https:\/\/berg-lund.de\/wp-content\/uploads\/2025\/01\/Martin_Bernhardt_Business_Thumb-768x538.jpg 768w\" sizes=\"(max-width: 1000px) 100vw, 1000px\" \/><\/figure><div class=\"elementor-image-box-content\"><h3 class=\"elementor-image-box-title\">Dr. Martin Bernhardt<\/h3><\/div><\/div>\t\t\t\t<\/div>\n\t\t\t\t<\/div>\n\t\t\t\t<\/a>\n\t\t\t\t<\/div>\n\t\t<div class=\"elementor-element elementor-element-805dddf e-con-full e-flex e-con e-child\" data-id=\"805dddf\" data-element_type=\"container\">\n\t\t<a class=\"elementor-element elementor-element-4acc71a e-con-full e-flex e-con e-child\" data-id=\"4acc71a\" data-element_type=\"container\" href=\"https:\/\/berg-lund.de\/fuehrungsteam\/dr-andre-krapat\/\">\n\t\t\t\t<div class=\"elementor-element elementor-element-ed81b37 img-opacity elementor-position-top elementor-widget elementor-widget-image-box\" data-id=\"ed81b37\" data-element_type=\"widget\" data-widget_type=\"image-box.default\">\n\t\t\t\t<div class=\"elementor-widget-container\">\n\t\t\t\t\t<div class=\"elementor-image-box-wrapper\"><figure class=\"elementor-image-box-img\"><img decoding=\"async\" width=\"1000\" height=\"700\" src=\"https:\/\/berg-lund.de\/wp-content\/uploads\/2024\/12\/Krapat_Business_Thumb.jpg\" class=\"attachment-full size-full wp-image-8154\" alt=\"\" srcset=\"https:\/\/berg-lund.de\/wp-content\/uploads\/2024\/12\/Krapat_Business_Thumb.jpg 1000w, https:\/\/berg-lund.de\/wp-content\/uploads\/2024\/12\/Krapat_Business_Thumb-300x210.jpg 300w, https:\/\/berg-lund.de\/wp-content\/uploads\/2024\/12\/Krapat_Business_Thumb-768x538.jpg 768w\" sizes=\"(max-width: 1000px) 100vw, 1000px\" \/><\/figure><div class=\"elementor-image-box-content\"><h3 class=\"elementor-image-box-title\">Dr. Andr\u00e9 Krapat<\/h3><\/div><\/div>\t\t\t\t<\/div>\n\t\t\t\t<\/div>\n\t\t\t\t<\/a>\n\t\t\t\t<\/div>\n\t\t<div class=\"elementor-element elementor-element-bfef71a e-con-full e-flex e-con e-child\" data-id=\"bfef71a\" data-element_type=\"container\">\n\t\t<a class=\"elementor-element elementor-element-93f674e e-con-full e-flex e-con e-child\" data-id=\"93f674e\" data-element_type=\"container\" href=\"https:\/\/berg-lund.de\/fuehrungsteam\/dr-torsten-lund\/\">\n\t\t\t\t<div class=\"elementor-element elementor-element-e298597 img-opacity elementor-position-top elementor-widget elementor-widget-image-box\" data-id=\"e298597\" data-element_type=\"widget\" data-widget_type=\"image-box.default\">\n\t\t\t\t<div class=\"elementor-widget-container\">\n\t\t\t\t\t<div class=\"elementor-image-box-wrapper\"><figure class=\"elementor-image-box-img\"><img loading=\"lazy\" decoding=\"async\" width=\"1000\" height=\"700\" src=\"https:\/\/berg-lund.de\/wp-content\/uploads\/2024\/12\/Lund_Business_Thumb.jpg\" class=\"attachment-full size-full wp-image-8158\" alt=\"\" srcset=\"https:\/\/berg-lund.de\/wp-content\/uploads\/2024\/12\/Lund_Business_Thumb.jpg 1000w, https:\/\/berg-lund.de\/wp-content\/uploads\/2024\/12\/Lund_Business_Thumb-300x210.jpg 300w, https:\/\/berg-lund.de\/wp-content\/uploads\/2024\/12\/Lund_Business_Thumb-768x538.jpg 768w\" sizes=\"(max-width: 1000px) 100vw, 1000px\" \/><\/figure><div class=\"elementor-image-box-content\"><h3 class=\"elementor-image-box-title\">Dr. Torsten Lund<\/h3><\/div><\/div>\t\t\t\t<\/div>\n\t\t\t\t<\/div>\n\t\t\t\t<\/a>\n\t\t\t\t<\/div>\n\t\t<div class=\"elementor-element elementor-element-83a6a5d e-con-full e-flex e-con e-child\" data-id=\"83a6a5d\" data-element_type=\"container\">\n\t\t<a class=\"elementor-element elementor-element-93926fd e-con-full e-flex e-con e-child\" data-id=\"93926fd\" data-element_type=\"container\" href=\"https:\/\/berg-lund.de\/fuehrungsteam\/dr-thomas-nitschke\/\">\n\t\t\t\t<div class=\"elementor-element elementor-element-3e1b0c6 img-opacity elementor-position-top elementor-widget elementor-widget-image-box\" data-id=\"3e1b0c6\" data-element_type=\"widget\" data-widget_type=\"image-box.default\">\n\t\t\t\t<div class=\"elementor-widget-container\">\n\t\t\t\t\t<div class=\"elementor-image-box-wrapper\"><figure class=\"elementor-image-box-img\"><img loading=\"lazy\" decoding=\"async\" width=\"1000\" height=\"700\" src=\"https:\/\/berg-lund.de\/wp-content\/uploads\/2024\/12\/Nitschke_Business_Thumb.jpg\" class=\"attachment-full size-full wp-image-8160\" alt=\"\" srcset=\"https:\/\/berg-lund.de\/wp-content\/uploads\/2024\/12\/Nitschke_Business_Thumb.jpg 1000w, https:\/\/berg-lund.de\/wp-content\/uploads\/2024\/12\/Nitschke_Business_Thumb-300x210.jpg 300w, https:\/\/berg-lund.de\/wp-content\/uploads\/2024\/12\/Nitschke_Business_Thumb-768x538.jpg 768w\" sizes=\"(max-width: 1000px) 100vw, 1000px\" \/><\/figure><div class=\"elementor-image-box-content\"><h3 class=\"elementor-image-box-title\">Dr. Thomas Nitschke<\/h3><\/div><\/div>\t\t\t\t<\/div>\n\t\t\t\t<\/div>\n\t\t\t\t<\/a>\n\t\t\t\t<\/div>\n\t\t<div class=\"elementor-element elementor-element-27ed672 e-con-full e-flex e-con e-child\" data-id=\"27ed672\" data-element_type=\"container\">\n\t\t\t\t<\/div>\n\t\t\t\t<\/div>\n\t\t\t\t<\/div>\n\t\t<div class=\"elementor-element elementor-element-cd35ff7 e-con-full e-flex e-con e-parent\" data-id=\"cd35ff7\" data-element_type=\"container\">\n\t\t\t\t<div class=\"elementor-element elementor-element-99ae095 elementor-widget elementor-widget-heading\" data-id=\"99ae095\" data-element_type=\"widget\" data-widget_type=\"heading.default\">\n\t\t\t\t<div class=\"elementor-widget-container\">\n\t\t\t\t\t<h2 class=\"elementor-heading-title elementor-size-default\">MANAGER<\/h2>\t\t\t\t<\/div>\n\t\t\t\t<\/div>\n\t\t<div class=\"elementor-element elementor-element-f5b2494 e-con-full e-flex e-con e-child\" data-id=\"f5b2494\" data-element_type=\"container\">\n\t\t<div class=\"elementor-element elementor-element-c67c2e2 e-con-full e-flex e-con e-child\" data-id=\"c67c2e2\" data-element_type=\"container\">\n\t\t<a class=\"elementor-element elementor-element-0edd4b5 e-con-full e-flex e-con e-child\" data-id=\"0edd4b5\" data-element_type=\"container\" href=\"https:\/\/berg-lund.de\/fuehrungsteam\/bjorn-hanneke\/\">\n\t\t\t\t<div class=\"elementor-element elementor-element-fe48906 img-opacity elementor-position-top elementor-widget elementor-widget-image-box\" data-id=\"fe48906\" data-element_type=\"widget\" data-widget_type=\"image-box.default\">\n\t\t\t\t<div class=\"elementor-widget-container\">\n\t\t\t\t\t<div class=\"elementor-image-box-wrapper\"><figure class=\"elementor-image-box-img\"><img loading=\"lazy\" decoding=\"async\" width=\"1000\" height=\"700\" src=\"https:\/\/berg-lund.de\/wp-content\/uploads\/2024\/12\/Hanneke_Business_Thumb.jpg\" class=\"attachment-full size-full wp-image-8148\" alt=\"\" srcset=\"https:\/\/berg-lund.de\/wp-content\/uploads\/2024\/12\/Hanneke_Business_Thumb.jpg 1000w, https:\/\/berg-lund.de\/wp-content\/uploads\/2024\/12\/Hanneke_Business_Thumb-300x210.jpg 300w, https:\/\/berg-lund.de\/wp-content\/uploads\/2024\/12\/Hanneke_Business_Thumb-768x538.jpg 768w\" sizes=\"(max-width: 1000px) 100vw, 1000px\" \/><\/figure><div class=\"elementor-image-box-content\"><h3 class=\"elementor-image-box-title\">Bj\u00f6rn Hanneke<\/h3><\/div><\/div>\t\t\t\t<\/div>\n\t\t\t\t<\/div>\n\t\t\t\t<\/a>\n\t\t\t\t<\/div>\n\t\t<div class=\"elementor-element elementor-element-82c34ce e-con-full e-flex e-con e-child\" data-id=\"82c34ce\" data-element_type=\"container\">\n\t\t<a class=\"elementor-element elementor-element-357ace9 e-con-full e-flex e-con e-child\" data-id=\"357ace9\" data-element_type=\"container\" href=\"https:\/\/berg-lund.de\/fuehrungsteam\/franziska-heinisch\/\">\n\t\t\t\t<div class=\"elementor-element elementor-element-be74aa1 img-opacity elementor-position-top elementor-widget elementor-widget-image-box\" data-id=\"be74aa1\" data-element_type=\"widget\" data-widget_type=\"image-box.default\">\n\t\t\t\t<div class=\"elementor-widget-container\">\n\t\t\t\t\t<div class=\"elementor-image-box-wrapper\"><figure class=\"elementor-image-box-img\"><img loading=\"lazy\" decoding=\"async\" width=\"1000\" height=\"700\" src=\"https:\/\/berg-lund.de\/wp-content\/uploads\/2025\/01\/Franziska_Heinisch_Business_Thumb.jpg\" class=\"attachment-full size-full wp-image-8991\" alt=\"\" srcset=\"https:\/\/berg-lund.de\/wp-content\/uploads\/2025\/01\/Franziska_Heinisch_Business_Thumb.jpg 1000w, https:\/\/berg-lund.de\/wp-content\/uploads\/2025\/01\/Franziska_Heinisch_Business_Thumb-300x210.jpg 300w, https:\/\/berg-lund.de\/wp-content\/uploads\/2025\/01\/Franziska_Heinisch_Business_Thumb-768x538.jpg 768w\" sizes=\"(max-width: 1000px) 100vw, 1000px\" \/><\/figure><div class=\"elementor-image-box-content\"><h3 class=\"elementor-image-box-title\">Franziska Heinisch<\/h3><\/div><\/div>\t\t\t\t<\/div>\n\t\t\t\t<\/div>\n\t\t\t\t<\/a>\n\t\t\t\t<\/div>\n\t\t<div class=\"elementor-element elementor-element-45b0219 e-con-full e-flex e-con e-child\" data-id=\"45b0219\" data-element_type=\"container\">\n\t\t<a class=\"elementor-element elementor-element-e2a6de3 e-con-full e-flex e-con e-child\" data-id=\"e2a6de3\" data-element_type=\"container\" href=\"https:\/\/berg-lund.de\/fuehrungsteam\/percy-heinricy\/\">\n\t\t\t\t<div class=\"elementor-element elementor-element-bfba583 img-opacity elementor-position-top elementor-widget elementor-widget-image-box\" data-id=\"bfba583\" data-element_type=\"widget\" data-widget_type=\"image-box.default\">\n\t\t\t\t<div class=\"elementor-widget-container\">\n\t\t\t\t\t<div class=\"elementor-image-box-wrapper\"><figure class=\"elementor-image-box-img\"><img loading=\"lazy\" decoding=\"async\" width=\"1000\" height=\"700\" src=\"https:\/\/berg-lund.de\/wp-content\/uploads\/2024\/12\/Heinricy_Business_Thumb.jpg\" class=\"attachment-full size-full wp-image-8152\" alt=\"\" srcset=\"https:\/\/berg-lund.de\/wp-content\/uploads\/2024\/12\/Heinricy_Business_Thumb.jpg 1000w, https:\/\/berg-lund.de\/wp-content\/uploads\/2024\/12\/Heinricy_Business_Thumb-300x210.jpg 300w, https:\/\/berg-lund.de\/wp-content\/uploads\/2024\/12\/Heinricy_Business_Thumb-768x538.jpg 768w\" sizes=\"(max-width: 1000px) 100vw, 1000px\" \/><\/figure><div class=\"elementor-image-box-content\"><h3 class=\"elementor-image-box-title\">Percy Heinricy<\/h3><\/div><\/div>\t\t\t\t<\/div>\n\t\t\t\t<\/div>\n\t\t\t\t<\/a>\n\t\t\t\t<\/div>\n\t\t<div class=\"elementor-element elementor-element-fae0974 e-con-full e-flex e-con e-child\" data-id=\"fae0974\" data-element_type=\"container\">\n\t\t<a class=\"elementor-element elementor-element-8a9acf9 e-con-full e-flex e-con e-child\" data-id=\"8a9acf9\" data-element_type=\"container\" href=\"https:\/\/berg-lund.de\/en\/fuehrungsteam\/dr-maximilian-horn\/\">\n\t\t\t\t<div class=\"elementor-element elementor-element-e3ed8ff img-opacity elementor-position-top elementor-widget elementor-widget-image-box\" data-id=\"e3ed8ff\" data-element_type=\"widget\" data-widget_type=\"image-box.default\">\n\t\t\t\t<div class=\"elementor-widget-container\">\n\t\t\t\t\t<div class=\"elementor-image-box-wrapper\"><figure class=\"elementor-image-box-img\"><img loading=\"lazy\" decoding=\"async\" width=\"1000\" height=\"700\" src=\"https:\/\/berg-lund.de\/wp-content\/uploads\/2025\/01\/Maximilian_Horn_Business_Thumb.jpg\" class=\"attachment-full size-full wp-image-8995\" alt=\"\" srcset=\"https:\/\/berg-lund.de\/wp-content\/uploads\/2025\/01\/Maximilian_Horn_Business_Thumb.jpg 1000w, https:\/\/berg-lund.de\/wp-content\/uploads\/2025\/01\/Maximilian_Horn_Business_Thumb-300x210.jpg 300w, https:\/\/berg-lund.de\/wp-content\/uploads\/2025\/01\/Maximilian_Horn_Business_Thumb-768x538.jpg 768w\" sizes=\"(max-width: 1000px) 100vw, 1000px\" \/><\/figure><div class=\"elementor-image-box-content\"><h3 class=\"elementor-image-box-title\">Dr. Maximilian Horn<\/h3><\/div><\/div>\t\t\t\t<\/div>\n\t\t\t\t<\/div>\n\t\t\t\t<\/a>\n\t\t\t\t<\/div>\n\t\t<div class=\"elementor-element elementor-element-300c3d3 e-con-full e-flex e-con e-child\" data-id=\"300c3d3\" data-element_type=\"container\">\n\t\t<a class=\"elementor-element elementor-element-cdee29c e-con-full e-flex e-con e-child\" data-id=\"cdee29c\" data-element_type=\"container\" href=\"https:\/\/berg-lund.de\/fuehrungsteam\/dr-tobias-sander\/\">\n\t\t\t\t<div class=\"elementor-element elementor-element-b3e6849 img-opacity elementor-position-top elementor-widget elementor-widget-image-box\" data-id=\"b3e6849\" data-element_type=\"widget\" data-widget_type=\"image-box.default\">\n\t\t\t\t<div class=\"elementor-widget-container\">\n\t\t\t\t\t<div class=\"elementor-image-box-wrapper\"><figure class=\"elementor-image-box-img\"><img loading=\"lazy\" decoding=\"async\" width=\"1000\" height=\"700\" src=\"https:\/\/berg-lund.de\/wp-content\/uploads\/2024\/12\/Sander_Business_Thumb.jpg\" class=\"attachment-full size-full wp-image-8162\" alt=\"\" srcset=\"https:\/\/berg-lund.de\/wp-content\/uploads\/2024\/12\/Sander_Business_Thumb.jpg 1000w, https:\/\/berg-lund.de\/wp-content\/uploads\/2024\/12\/Sander_Business_Thumb-300x210.jpg 300w, https:\/\/berg-lund.de\/wp-content\/uploads\/2024\/12\/Sander_Business_Thumb-768x538.jpg 768w\" sizes=\"(max-width: 1000px) 100vw, 1000px\" \/><\/figure><div class=\"elementor-image-box-content\"><h3 class=\"elementor-image-box-title\">Dr. Tobias Sander<\/h3><\/div><\/div>\t\t\t\t<\/div>\n\t\t\t\t<\/div>\n\t\t\t\t<\/a>\n\t\t\t\t<\/div>\n\t\t<div class=\"elementor-element elementor-element-23c0555 e-con-full e-flex e-con e-child\" data-id=\"23c0555\" data-element_type=\"container\">\n\t\t<a class=\"elementor-element elementor-element-ccc3f21 e-con-full e-flex e-con e-child\" data-id=\"ccc3f21\" data-element_type=\"container\" href=\"https:\/\/berg-lund.de\/fuehrungsteam\/steffen-seger\/\">\n\t\t\t\t<div class=\"elementor-element elementor-element-79e4fb2 img-opacity elementor-position-top elementor-widget elementor-widget-image-box\" data-id=\"79e4fb2\" data-element_type=\"widget\" data-widget_type=\"image-box.default\">\n\t\t\t\t<div class=\"elementor-widget-container\">\n\t\t\t\t\t<div class=\"elementor-image-box-wrapper\"><figure class=\"elementor-image-box-img\"><img loading=\"lazy\" decoding=\"async\" width=\"1000\" height=\"700\" src=\"https:\/\/berg-lund.de\/wp-content\/uploads\/2024\/12\/Seger_Business_Thumb.jpg\" class=\"attachment-full size-full wp-image-8164\" alt=\"\" srcset=\"https:\/\/berg-lund.de\/wp-content\/uploads\/2024\/12\/Seger_Business_Thumb.jpg 1000w, https:\/\/berg-lund.de\/wp-content\/uploads\/2024\/12\/Seger_Business_Thumb-300x210.jpg 300w, https:\/\/berg-lund.de\/wp-content\/uploads\/2024\/12\/Seger_Business_Thumb-768x538.jpg 768w\" sizes=\"(max-width: 1000px) 100vw, 1000px\" \/><\/figure><div class=\"elementor-image-box-content\"><h3 class=\"elementor-image-box-title\">Steffen Seger<\/h3><\/div><\/div>\t\t\t\t<\/div>\n\t\t\t\t<\/div>\n\t\t\t\t<\/a>\n\t\t\t\t<\/div>\n\t\t<div class=\"elementor-element elementor-element-5e618b9 e-con-full e-flex e-con e-child\" data-id=\"5e618b9\" data-element_type=\"container\">\n\t\t<a class=\"elementor-element elementor-element-777f29d e-con-full e-flex e-con e-child\" data-id=\"777f29d\" data-element_type=\"container\" href=\"https:\/\/berg-lund.de\/fuehrungsteam\/sebastian-stocker\/\">\n\t\t\t\t<div class=\"elementor-element elementor-element-6a59fc8 img-opacity elementor-position-top elementor-widget elementor-widget-image-box\" data-id=\"6a59fc8\" data-element_type=\"widget\" data-widget_type=\"image-box.default\">\n\t\t\t\t<div class=\"elementor-widget-container\">\n\t\t\t\t\t<div class=\"elementor-image-box-wrapper\"><figure class=\"elementor-image-box-img\"><img loading=\"lazy\" decoding=\"async\" width=\"1000\" height=\"700\" src=\"https:\/\/berg-lund.de\/wp-content\/uploads\/2025\/01\/Sebastian_Stoecker_Business_Thumb.jpg\" class=\"attachment-full size-full wp-image-8999\" alt=\"\" srcset=\"https:\/\/berg-lund.de\/wp-content\/uploads\/2025\/01\/Sebastian_Stoecker_Business_Thumb.jpg 1000w, https:\/\/berg-lund.de\/wp-content\/uploads\/2025\/01\/Sebastian_Stoecker_Business_Thumb-300x210.jpg 300w, https:\/\/berg-lund.de\/wp-content\/uploads\/2025\/01\/Sebastian_Stoecker_Business_Thumb-768x538.jpg 768w\" sizes=\"(max-width: 1000px) 100vw, 1000px\" \/><\/figure><div class=\"elementor-image-box-content\"><h3 class=\"elementor-image-box-title\">Sebastian St\u00f6cker<\/h3><\/div><\/div>\t\t\t\t<\/div>\n\t\t\t\t<\/div>\n\t\t\t\t<\/a>\n\t\t\t\t<\/div>\n\t\t<div class=\"elementor-element elementor-element-708fd6e e-con-full e-flex e-con e-child\" data-id=\"708fd6e\" data-element_type=\"container\">\n\t\t<a class=\"elementor-element elementor-element-7bb4791 e-con-full e-flex e-con e-child\" data-id=\"7bb4791\" data-element_type=\"container\" href=\"https:\/\/berg-lund.de\/fuehrungsteam\/robert-timmerhaus\/\">\n\t\t\t\t<div class=\"elementor-element elementor-element-57c936b img-opacity elementor-position-top elementor-widget elementor-widget-image-box\" data-id=\"57c936b\" data-element_type=\"widget\" data-widget_type=\"image-box.default\">\n\t\t\t\t<div class=\"elementor-widget-container\">\n\t\t\t\t\t<div class=\"elementor-image-box-wrapper\"><figure class=\"elementor-image-box-img\"><img loading=\"lazy\" decoding=\"async\" width=\"1000\" height=\"700\" src=\"https:\/\/berg-lund.de\/wp-content\/uploads\/2025\/01\/Robert_Timmerhaus_Business_Thumb.jpg\" class=\"attachment-full size-full wp-image-8997\" alt=\"\" srcset=\"https:\/\/berg-lund.de\/wp-content\/uploads\/2025\/01\/Robert_Timmerhaus_Business_Thumb.jpg 1000w, https:\/\/berg-lund.de\/wp-content\/uploads\/2025\/01\/Robert_Timmerhaus_Business_Thumb-300x210.jpg 300w, https:\/\/berg-lund.de\/wp-content\/uploads\/2025\/01\/Robert_Timmerhaus_Business_Thumb-768x538.jpg 768w, https:\/\/berg-lund.de\/wp-content\/uploads\/2025\/01\/elementor\/thumbs\/Robert_Timmerhaus_Business_Thumb-r01aw5l30vhw69hj0kyspir8zxyt657hks9pi7m7lc.jpg 400w\" sizes=\"(max-width: 1000px) 100vw, 1000px\" \/><\/figure><div class=\"elementor-image-box-content\"><h3 class=\"elementor-image-box-title\">Robert Timmerhaus<\/h3><\/div><\/div>\t\t\t\t<\/div>\n\t\t\t\t<\/div>\n\t\t\t\t<\/a>\n\t\t\t\t<\/div>\n\t\t<div class=\"elementor-element elementor-element-26314e6 e-con-full e-flex e-con e-child\" data-id=\"26314e6\" data-element_type=\"container\">\n\t\t<a class=\"elementor-element elementor-element-6bec6d4 e-con-full e-flex e-con e-child\" data-id=\"6bec6d4\" data-element_type=\"container\" href=\"https:\/\/berg-lund.de\/fuehrungsteam\/bjorn-wenninger\/\">\n\t\t\t\t<div class=\"elementor-element elementor-element-81f24f9 img-opacity elementor-position-top elementor-widget elementor-widget-image-box\" data-id=\"81f24f9\" data-element_type=\"widget\" data-widget_type=\"image-box.default\">\n\t\t\t\t<div class=\"elementor-widget-container\">\n\t\t\t\t\t<div class=\"elementor-image-box-wrapper\"><figure class=\"elementor-image-box-img\"><img loading=\"lazy\" decoding=\"async\" width=\"1000\" height=\"700\" src=\"https:\/\/berg-lund.de\/wp-content\/uploads\/2024\/12\/Wenninger_Business_Thumb.jpg\" class=\"attachment-full size-full wp-image-8170\" alt=\"\" srcset=\"https:\/\/berg-lund.de\/wp-content\/uploads\/2024\/12\/Wenninger_Business_Thumb.jpg 1000w, https:\/\/berg-lund.de\/wp-content\/uploads\/2024\/12\/Wenninger_Business_Thumb-300x210.jpg 300w, https:\/\/berg-lund.de\/wp-content\/uploads\/2024\/12\/Wenninger_Business_Thumb-768x538.jpg 768w\" sizes=\"(max-width: 1000px) 100vw, 1000px\" \/><\/figure><div class=\"elementor-image-box-content\"><h3 class=\"elementor-image-box-title\">Bj\u00f6rn Wenninger<\/h3><\/div><\/div>\t\t\t\t<\/div>\n\t\t\t\t<\/div>\n\t\t\t\t<\/a>\n\t\t\t\t<\/div>\n\t\t<div class=\"elementor-element elementor-element-6fb34ce e-con-full e-flex e-con e-child\" data-id=\"6fb34ce\" data-element_type=\"container\">\n\t\t<a class=\"elementor-element elementor-element-4936263 e-con-full e-flex e-con e-child\" data-id=\"4936263\" data-element_type=\"container\" href=\"https:\/\/berg-lund.de\/fuehrungsteam\/bjorn-wiese\/\">\n\t\t\t\t<div class=\"elementor-element elementor-element-f241bfa img-opacity elementor-position-top elementor-widget elementor-widget-image-box\" data-id=\"f241bfa\" data-element_type=\"widget\" data-widget_type=\"image-box.default\">\n\t\t\t\t<div class=\"elementor-widget-container\">\n\t\t\t\t\t<div class=\"elementor-image-box-wrapper\"><figure class=\"elementor-image-box-img\"><img loading=\"lazy\" decoding=\"async\" width=\"1000\" height=\"700\" src=\"https:\/\/berg-lund.de\/wp-content\/uploads\/2024\/12\/Bjoern_Wiese_Business_Thumb_test.jpg\" class=\"attachment-full size-full wp-image-8072\" alt=\"\" srcset=\"https:\/\/berg-lund.de\/wp-content\/uploads\/2024\/12\/Bjoern_Wiese_Business_Thumb_test.jpg 1000w, https:\/\/berg-lund.de\/wp-content\/uploads\/2024\/12\/Bjoern_Wiese_Business_Thumb_test-300x210.jpg 300w, https:\/\/berg-lund.de\/wp-content\/uploads\/2024\/12\/Bjoern_Wiese_Business_Thumb_test-768x538.jpg 768w\" sizes=\"(max-width: 1000px) 100vw, 1000px\" \/><\/figure><div class=\"elementor-image-box-content\"><h3 class=\"elementor-image-box-title\">Bj\u00f6rn Wiese<\/h3><\/div><\/div>\t\t\t\t<\/div>\n\t\t\t\t<\/div>\n\t\t\t\t<\/a>\n\t\t\t\t<\/div>\n\t\t\t\t<\/div>\n\t\t\t\t<\/div>\n\t\t<div class=\"elementor-element elementor-element-4cfd322 e-con-full e-flex e-con e-parent\" data-id=\"4cfd322\" data-element_type=\"container\">\n\t\t\t\t<div class=\"elementor-element elementor-element-6206a1f elementor-mobile-align-center hide-on-en elementor-widget elementor-widget-button\" data-id=\"6206a1f\" data-element_type=\"widget\" data-widget_type=\"button.default\">\n\t\t\t\t<div class=\"elementor-widget-container\">\n\t\t\t\t\t\t\t\t\t<div class=\"elementor-button-wrapper\">\n\t\t\t\t\t<a class=\"elementor-button elementor-button-link elementor-size-sm\" href=\"https:\/\/berg-lund.de\/karriere\/menschen\/\">\n\t\t\t\t\t\t<span class=\"elementor-button-content-wrapper\">\n\t\t\t\t\t\t\t\t\t<span class=\"elementor-button-text\">Get to know more consultants<\/span>\n\t\t\t\t\t<\/span>\n\t\t\t\t\t<\/a>\n\t\t\t\t<\/div>\n\t\t\t\t\t\t\t\t<\/div>\n\t\t\t\t<\/div>\n\t\t\t\t<\/div>\n\t\t<div class=\"elementor-element elementor-element-9c3e7d2 e-flex e-con-boxed e-con e-parent\" data-id=\"9c3e7d2\" data-element_type=\"container\">\n\t\t\t\t\t<div class=\"e-con-inner\">\n\t\t\t\t\t<\/div>\n\t\t\t\t<\/div>\n\t\t\t\t<\/div>\n\t\t","protected":false},"excerpt":{"rendered":"<p>EQUITY PARTNER Markus Berg Dr. Martin Bernhardt Dr. Andr\u00e9 Krapat Dr. Torsten Lund Dr. Thomas Nitschke MANAGER Bj\u00f6rn Hanneke Franziska Heinisch Percy Heinricy Dr. Maximilian Horn Dr. Tobias Sander Steffen Seger Sebastian St\u00f6cker Robert Timmerhaus Bj\u00f6rn Wenninger Bj\u00f6rn Wiese Get to know more consultants<\/p>\n","protected":false},"author":1,"featured_media":0,"parent":0,"menu_order":0,"comment_status":"closed","ping_status":"closed","template":"elementor_header_footer","meta":{"_acf_changed":false,"footnotes":""},"class_list":["post-6954","page","type-page","status-publish","hentry"],"acf":[],"_links":{"self":[{"href":"https:\/\/berg-lund.de\/en\/wp-json\/wp\/v2\/pages\/6954","targetHints":{"allow":["GET"]}}],"collection":[{"href":"https:\/\/berg-lund.de\/en\/wp-json\/wp\/v2\/pages"}],"about":[{"href":"https:\/\/berg-lund.de\/en\/wp-json\/wp\/v2\/types\/page"}],"author":[{"embeddable":true,"href":"https:\/\/berg-lund.de\/en\/wp-json\/wp\/v2\/users\/1"}],"replies":[{"embeddable":true,"href":"https:\/\/berg-lund.de\/en\/wp-json\/wp\/v2\/comments?post=6954"}],"version-history":[{"count":69,"href":"https:\/\/berg-lund.de\/en\/wp-json\/wp\/v2\/pages\/6954\/revisions"}],"predecessor-version":[{"id":9698,"href":"https:\/\/berg-lund.de\/en\/wp-json\/wp\/v2\/pages\/6954\/revisions\/9698"}],"wp:attachment":[{"href":"https:\/\/berg-lund.de\/en\/wp-json\/wp\/v2\/media?parent=6954"}],"curies":[{"name":"wp","href":"https:\/\/api.w.org\/{rel}","templated":true}]}}